{"id":8811,"date":"2020-02-10T12:36:43","date_gmt":"2020-02-10T11:36:43","guid":{"rendered":"http:\/\/saure.org\/WordPress_01\/?page_id=8811"},"modified":"2020-02-10T12:36:43","modified_gmt":"2020-02-10T11:36:43","slug":"impressum","status":"publish","type":"page","link":"https:\/\/saure.org\/WordPress_01\/impressum\/","title":{"rendered":"Impressum"},"content":{"rendered":"<div class=\"paragraph\">\n<p><strong>Bei dieser Internetpr\u00e4senz handelt es sich um eine rein private Homepage \/ Forum \/ Blog \/ AFU-B\u00f6rse ohne&nbsp;jeglichen kommerziellen Hintergrund, es werden hier keinerlei finanzielle Interessen verfolgt.<\/strong><b><br \/>\n<\/b><br \/>\n<b>Copyright<\/b><\/p>\n<p>Die Fotos auf dieser Webseite sind urheberrechlich gesch\u00fctzt. Kommerzielle Verwendung dieser Objekte in elektronischen Medien, Druckmedien oder sonstigen Medien ist ohne meine ausdr\u00fcckliche Zustimmung nicht gestattet.<\/p>\n<p><b>Recht<\/b><\/p>\n<p>Trotz sorgf\u00e4ltiger inhaltlicher Kontrolle \u00fcbernehme ich keine Haftung f\u00fcr die Inhalte externer Links. F\u00fcr den Inhalt der verlinkten Seiten sind ausschlie\u00dflich deren Betreiber verantwortlich. Ich schlie\u00dfe daher jegliche Haftung aus und distanziere mich hiermit von allen Inhalten extern verlinkter Internetseiten.<br \/>\nAlle auf der Website erw\u00e4hnten Produkt- und Firmennamen sind Marken der jeweiligen Eigent\u00fcmer bzw. Hersteller.<br \/>\nSollten Inhalte dieser Internetpr\u00e4senz gegen geltendes Urheberrecht oder das Markengesetz versto\u00dfen, werde ich diese auf Hinweis umgehend entfernen.<\/p>\n<\/div>\n<div class=\"line\">\n<hr \/>\n<\/div>\n<h1>Impressum<\/h1>\n<h2>Angaben gem\u00e4\u00df \u00a7 5 TMG:<\/h2>\n<div>J\u00f6rg Saure<br \/>\nStahlsberg 89<br \/>\n42279 Wuppertal<\/div>\n<h2>Kontakt:<\/h2>\n<p>E-Mail: Joerg@Saure.org<\/p>\n<h2>Verantwortlich f\u00fcr den Inhalt nach \u00a7 55 Abs. 2 RStV:<\/h2>\n<p>J\u00f6rg Saure<br \/>\nStahlsberg 89<br \/>\n42279 Wuppertal<\/p>\n<h2>Kontakt:<\/h2>\n<div>E-Mail: Joerg@Saure.org<\/div>\n<div>&nbsp;<\/div>\n<div>Link zur Datenschutzerkl\u00e4rung <a href=\"http:\/\/saure.org\/cq-nrw\/impressum\/datenschutzerklaerung\">http:\/\/saure.org\/cq-nrw\/impressum\/datenschutzerklaerung<\/a><\/div>\n<div>&nbsp;<\/div>\n<div><strong>Haftung f\u00fcr Inhalte<\/strong><\/div>\n<div>Als Diensteanbieter sind wir gem\u00e4\u00df \u00a7 7 Abs.1 TMG f\u00fcr eigene Inhalte auf diesen<br \/>\nSeiten nach den allgemeinen Gesetzen verantwortlich. Nach \u00a7\u00a7 8 bis 10 TMG sind wir als<br \/>\nDiensteanbieter jedoch nicht verpflichtet, \u00fcbermittelte oder gespeicherte fremde Informationen zu<br \/>\n\u00fcberwachen oder nach Umst\u00e4nden zu forschen, die auf eine rechtswidrige T\u00e4tigkeit<br \/>\nhinweisen.<\/div>\n<div>Verpflichtungen zur Entfernung oder Sperrung der Nutzung von Informationen nach<br \/>\nden allgemeinen Gesetzen bleiben hiervon unber\u00fchrt. Eine diesbez\u00fcgliche Haftung ist jedoch<br \/>\nerst ab dem Zeitpunkt der Kenntnis einer konkreten Rechtsverletzung m\u00f6glich. Bei Bekanntwerden<br \/>\nvon entsprechenden Rechtsverletzungen werden wir diese Inhalte umgehend entfernen.<\/div>\n<div>&nbsp;<\/div>\n<div><strong>Haftung f\u00fcr Links<\/strong><\/div>\n<div>Unser Angebot enth\u00e4lt Links zu externen Websites Dritter, auf<br \/>\nderen Inhalte wir keinen Einfluss haben. Deshalb k\u00f6nnen wir f\u00fcr diese fremden Inhalte auch<br \/>\nkeine Gew\u00e4hr \u00fcbernehmen. F\u00fcr die Inhalte der verlinkten Seiten ist stets der jeweilige<br \/>\nAnbieter oder Betreiber der Seiten verantwortlich. Die verlinkten Seiten wurden zum Zeitpunkt der<br \/>\nVerlinkung auf m\u00f6gliche Rechtsverst\u00f6\u00dfe \u00fcberpr\u00fcft. Rechtswidrige Inhalte<br \/>\nwaren zum Zeitpunkt der Verlinkung nicht erkennbar.<\/div>\n<div>&nbsp;<\/div>\n<div>Eine permanente inhaltliche Kontrolle der<br \/>\nverlinkten Seiten ist jedoch ohne konkrete Anhaltspunkte einer Rechtsverletzung nicht zumutbar. Bei<br \/>\nBekanntwerden von Rechtsverletzungen werden wir derartige Links umgehend entfernen.<\/div>\n<div>&nbsp;<\/div>\n<div><strong>Urheberrecht<\/strong><\/div>\n<div>Die durch die Seitenbetreiber erstellten Inhalte und Werke auf diesen Seiten<br \/>\nunterliegen dem deutschen Urheberrecht. Die Vervielf\u00e4ltigung, Bearbeitung, Verbreitung und jede<br \/>\nArt der Verwertung au\u00dferhalb der Grenzen des Urheberrechtes bed\u00fcrfen der schriftlichen Zustimmung des jeweiligen Autors bzw. Erstellers. Downloads und Kopien dieser Seite sind nur f\u00fcr den privaten, nicht kommerziellen Gebrauch gestattet.<\/div>\n<div>Soweit die Inhalte auf dieser Seite nicht vom Betreiber erstellt wurden, werden die Urheberrechte Dritter beachtet.<\/div>\n<div>Insbesondere werden Inhalte Dritter als solche gekennzeichnet. Sollten Sie trotzdem auf eine Urheberrechtsverletzung aufmerksam<br \/>\nwerden, bitten wir um einen entsprechenden Hinweis. Bei Bekanntwerden von Rechtsverletzungen<br \/>\nwerden wir derartige Inhalte umgehend entfernen.<\/div>\n<p>Quelle: <a href=\"https:\/\/www.e- recht24.de\">https:\/\/www.e-recht24.de<\/a><\/p>\n","protected":false},"excerpt":{"rendered":"<p>Bei dieser Internetpr\u00e4senz handelt es sich um eine rein private Homepage \/ Forum \/ Blog \/ AFU-B\u00f6rse ohne&nbsp;jeglichen kommerziellen Hintergrund, es werden hier keinerlei finanzielle Interessen verfolgt. Copyright Die Fotos&#46;&#46;&#46;<\/p>\n","protected":false},"author":1,"featured_media":0,"parent":0,"menu_order":0,"comment_status":"closed","ping_status":"closed","template":"","meta":{"ngg_post_thumbnail":0,"footnotes":""},"class_list":["post-8811","page","type-page","status-publish","hentry"],"_links":{"self":[{"href":"https:\/\/saure.org\/WordPress_01\/wp-json\/wp\/v2\/pages\/8811","targetHints":{"allow":["GET"]}}],"collection":[{"href":"https:\/\/saure.org\/WordPress_01\/wp-json\/wp\/v2\/pages"}],"about":[{"href":"https:\/\/saure.org\/WordPress_01\/wp-json\/wp\/v2\/types\/page"}],"author":[{"embeddable":true,"href":"https:\/\/saure.org\/WordPress_01\/wp-json\/wp\/v2\/users\/1"}],"replies":[{"embeddable":true,"href":"https:\/\/saure.org\/WordPress_01\/wp-json\/wp\/v2\/comments?post=8811"}],"version-history":[{"count":1,"href":"https:\/\/saure.org\/WordPress_01\/wp-json\/wp\/v2\/pages\/8811\/revisions"}],"predecessor-version":[{"id":8812,"href":"https:\/\/saure.org\/WordPress_01\/wp-json\/wp\/v2\/pages\/8811\/revisions\/8812"}],"wp:attachment":[{"href":"https:\/\/saure.org\/WordPress_01\/wp-json\/wp\/v2\/media?parent=8811"}],"curies":[{"name":"wp","href":"https:\/\/api.w.org\/{rel}","templated":true}]}}