{"id":13292,"date":"2018-12-07T19:30:40","date_gmt":"2018-12-07T18:30:40","guid":{"rendered":"http:\/\/saure.org\/cq-nrw\/?page_id=13292"},"modified":"2023-02-16T11:51:38","modified_gmt":"2023-02-16T10:51:38","slug":"forumsregeln","status":"publish","type":"page","link":"https:\/\/saure.org\/cq-nrw\/forumsregeln\/","title":{"rendered":"Forumsregeln"},"content":{"rendered":"<div class=\"container containerPadding marginTop\">\n<fieldset><span style=\"font-size: 14pt;\">Mit dem Zugriff auf \u201eForum.PowerSDR.de\u201c <a href=\"https:\/\/saure.org\/phpBB_04\/index.php\">http:\/\/forum.powersdr.de <\/a>wird zwischen dir und dem Betreiber ein Vertrag mit folgenden Regelungen geschlossen:<\/span><\/p>\n<h3>1. Nutzungsvertrag<\/h3>\n<ol>\n<li>Mit dem Zugriff auf \u201eForum.PowerSDR.de\u201c (im Folgenden \u201edas Board\u201c) schlie\u00dft du einen Nutzungsvertrag mit dem Betreiber des Boards ab (im Folgenden \u201eBetreiber\u201c) und erkl\u00e4rst dich mit den nachfolgenden Regelungen einverstanden.<\/li>\n<li>Wenn du mit diesen Regelungen nicht einverstanden bist, so darfst du das Board nicht weiter nutzen. F\u00fcr die Nutzung des Boards gelten jeweils die an dieser Stelle ver\u00f6ffentlichten Regelungen.<\/li>\n<li>Der Nutzungsvertrag wird auf unbestimmte Zeit geschlossen und kann von beiden Seiten ohne Einhaltung einer Frist jederzeit gek\u00fcndigt werden.<\/li>\n<\/ol>\n<h3>2. Einr\u00e4umung von Nutzungsrechten<\/h3>\n<ol>\n<li>Mit dem Erstellen eines Beitrags erteilst du dem Betreiber ein einfaches, zeitlich und r\u00e4umlich unbeschr\u00e4nktes und unentgeltliches Recht, deinen Beitrag im Rahmen des Boards zu nutzen.<\/li>\n<li>Das Nutzungsrecht nach Punkt 2, Unterpunkt a bleibt auch nach K\u00fcndigung des Nutzungsvertrages bestehen.<\/li>\n<\/ol>\n<h3>3. Pflichten des Nutzers<\/h3>\n<ol>\n<li>Du erkl\u00e4rst mit der Erstellung eines Beitrags, dass er keine Inhalte enth\u00e4lt, die gegen geltendes Recht oder die guten Sitten versto\u00dfen. Du erkl\u00e4rst insbesondere, dass du das Recht besitzt, die in deinen Beitr\u00e4gen verwendeten Links und Bilder zu setzen bzw. zu verwenden.<\/li>\n<li>Der Betreiber des Boards \u00fcbt das Hausrecht aus. Bei Verst\u00f6\u00dfen gegen diese Nutzungsbedingungen oder anderer im Board ver\u00f6ffentlichten Regeln kann der Betreiber dich nach Abmahnung zeitweise oder dauerhaft von der Nutzung dieses Boards ausschlie\u00dfen und dir ein Hausverbot erteilen.<\/li>\n<li>Du nimmst zur Kenntnis, dass der Betreiber keine Verantwortung f\u00fcr die Inhalte von Beitr\u00e4gen \u00fcbernimmt, die er nicht selbst erstellt hat oder die er nicht zur Kenntnis genommen hat. Du gestattest dem Betreiber, dein Benutzerkonto, Beitr\u00e4ge und Funktionen jederzeit zu l\u00f6schen oder zu sperren.<\/li>\n<li>Du gestattest dem Betreiber dar\u00fcber hinaus, deine Beitr\u00e4ge abzu\u00e4ndern oder zu l\u00f6schen, sofern sie gegen o. g. Regeln versto\u00dfen oder geeignet sind, dem Betreiber oder einem Dritten Schaden zuzuf\u00fcgen.<\/li>\n<li>Du gestattest dem Betreiber, deine Beitr\u00e4ge einem anderen <span class=\"st\">Themenfeld<\/span> oder auch einer anderen Forengruppe, innerhalb dieses Forums, neu zuzuordnen, um die Struktur des Forums zu gew\u00e4hrleisten.<\/li>\n<\/ol>\n<h3>4. General Public License<\/h3>\n<ol>\n<li>Du nimmst zur Kenntnis, dass es sich bei phpBB um eine unter der \u201e<a href=\"http:\/\/opensource.org\/licenses\/gpl-2.0.php\">GNU General Public License v2<\/a>\u201c (GPL) bereitgestellten Foren-Software von phpBB Limited (www.phpbb.com) handelt; deutschsprachige Informationen werden durch die deutschsprachige Community unter www.phpbb.de zur Verf\u00fcgung gestellt. Beide haben keinen Einfluss auf die Art und Weise, wie die Software verwendet wird. Sie k\u00f6nnen insbesondere die Verwendung der Software f\u00fcr bestimmte Zwecke nicht untersagen oder auf Inhalte fremder Foren Einfluss nehmen.<\/li>\n<\/ol>\n<h3>5. Gew\u00e4hrleistung<\/h3>\n<ol>\n<li>Der Betreiber haftet mit Ausnahme der Verletzung von Leben, K\u00f6rper und Gesundheit und der Verletzung wesentlicher Vertragspflichten (Kardinalpflichten) nur f\u00fcr Sch\u00e4den, die auf ein vors\u00e4tzliches oder grob fahrl\u00e4ssiges Verhalten zur\u00fcckzuf\u00fchren sind. Dies gilt auch f\u00fcr mittelbare Folgesch\u00e4den wie insbesondere entgangenen Gewinn.<\/li>\n<li>Die Haftung ist gegen\u00fcber Verbrauchern au\u00dfer bei vors\u00e4tzlichem oder grob fahrl\u00e4ssigem Verhalten oder bei Sch\u00e4den aus der Verletzung von Leben, K\u00f6rper und Gesundheit und der Verletzung wesentlicher Vertragspflichten (Kardinalpflichten) auf die bei Vertragsschluss typischerweise vorhersehbaren Sch\u00e4den und im \u00fcbrigen der H\u00f6he nach auf die vertragstypischen Durchschnittssch\u00e4den begrenzt. Dies gilt auch f\u00fcr mittelbare Folgesch\u00e4den wie insbesondere entgangenen Gewinn.<\/li>\n<li>Die Haftung ist gegen\u00fcber Unternehmern au\u00dfer bei der Verletzung von Leben, K\u00f6rper und Gesundheit oder vors\u00e4tzlichem oder grob fahrl\u00e4ssigem Verhalten des Betreibers auf die bei Vertragsschluss typischerweise vorhersehbaren Sch\u00e4den und im \u00dcbrigen der H\u00f6he nach auf die vertragstypischen Durchschnittssch\u00e4den begrenzt. Dies gilt auch f\u00fcr mittelbare Sch\u00e4den, insbesondere entgangenen Gewinn.<\/li>\n<li>Die Haftungsbegrenzung der Abs\u00e4tze a bis c gilt sinngem\u00e4\u00df auch zugunsten der Mitarbeiter und Erf\u00fcllungsgehilfen des Betreibers.<\/li>\n<li>Anspr\u00fcche f\u00fcr eine Haftung aus zwingendem nationalem Recht bleiben unber\u00fchrt.<\/li>\n<\/ol>\n<h3>6. \u00c4nderungsvorbehalt<\/h3>\n<ol>\n<li>Der Betreiber ist berechtigt, die Nutzungsbedingungen und die Datenschutzerkl\u00e4rung zu \u00e4ndern. Die \u00c4nderung wird dem Nutzer per E-Mail mitgeteilt.<\/li>\n<li>Der Nutzer ist berechtigt, den \u00c4nderungen zu widersprechen. Im Falle des Widerspruchs erlischt das zwischen dem Betreiber und dem Nutzer bestehende Vertragsverh\u00e4ltnis mit sofortiger Wirkung.<\/li>\n<li>Die \u00c4nderungen gelten als anerkannt und verbindlich, wenn der Nutzer den \u00c4nderungen zugestimmt hat.<\/li>\n<\/ol>\n<p><span style=\"font-size: 14pt;\">Informationen \u00fcber den Umgang mit deinen pers\u00f6nlichen Daten sind in der <a href=\"https:\/\/saure.org\/cq-nrw\/datenschutzerklaerung\/\">Datenschutzerkl\u00e4rung<\/a> enthalten.<\/span><\/p>\n<hr>\n<hr>\n<h2><b>Erkl\u00e4rung zu unseren Regeln im Forum von saure.org\/cq-nrw:<\/b><\/h2>\n<h3><b>Geltungsbereich<\/b><\/h3>\n<p>J\u00f6rg Saure, DD8JM (Moderator) ist Betreiber dieses Forums und stellt die Plattform allen Funkamateuren und SWL sowie technisch interessierten Menschen kostenfrei f\u00fcr den Austausch zur Verf\u00fcgung. Das Forum ist \u00f6ffentlich. Alle Beitr\u00e4ge k\u00f6nnen von jedem gelesen werden. Um hier mitzuschreiben, musst Du Dich zun\u00e4chst registrieren und die Forumsregeln akzeptieren.<\/p>\n<h2><b>Registrierung und Nutzungsvereinbarung<\/b><\/h2>\n<p>Voraussetzung f\u00fcr die Nutzung des Forums ist die Registrierung. Mit der Aktivierung Deines Accounts kommt ein unentgeltlicher \u201eNutzungsvertrag\u201c zustande. Vertragsgegenstand ist die kostenlose Nutzung der Funktionen des Forums als Online-Kommunikationsplattform. Hierzu wird Dir als Nutzer ein \u201eAccount\u201c bereitgestellt, mit dem Du Beitr\u00e4ge und Themen ins Forum einstellen kannst. Es gibt grunds\u00e4tzlich keinen Rechtsanspruch auf Freischaltung oder Teilnahme am Forum. Es gilt das uneingeschr\u00e4nkte Hausrecht des Betreibers. Der Betreiber beh\u00e4lt sich das Recht vor, Inhalt und Struktur der Plattform sowie die dazugeh\u00f6rigen Benutzeroberfl\u00e4chen zu \u00e4ndern und zu erweitern.<\/p>\n<h2><b>Rechte und Pflichten als Foren-Nutzer<\/b><\/h2>\n<h3><b>Halte Dich an folgende Spielregeln<\/b><\/h3>\n<p>Als Nutzer verpflichtest Du Dich, nicht gegen die folgenden Regeln, die guten Sitten oder sonst gegen geltendes deutsches Recht zu versto\u00dfen. Es ist insbesondere untersagt,<\/p>\n<p>\u2022 beleidigende oder unwahre Inhalte zu ver\u00f6ffentlichen;<br \/>\n\u2022 Spam \u00fcber das System an andere Nutzer zu versenden;<br \/>\n\u2022 illegale, rassistische, sexistische, irref\u00fchrende oder unethische W\u00f6rter, Beitr\u00e4ge, Links und Anh\u00e4nge zu nutzen (dies gilt auch f\u00fcr den Namen Deines Avatars);<br \/>\n\u2022 andere zu verantwortungslosem, gesundheitsgef\u00e4hrdendem, illegalem oder ethisch bedenklichem Handeln zu ermutigen;<br \/>\n\u2022 Beitr\u00e4ge zu posten, die Unruhe stiften (Spamming, Trolling oder Bashing). Darunter f\u00e4llt:<br \/>\n\u2022 massenhaftes Erstellen inhaltsgleicher Beitr\u00e4ge\/Themen;<br \/>\n\u2022 Beitr\u00e4ge, die darauf zielen, Diskussionsteilnehmer zu demotivieren;<br \/>\n\u2022 Beitr\u00e4ge\/Themen, die darauf abzielen, Moderationen und Verwarnungen \u00f6ffentlich auszudiskutieren;<br \/>\n\u2022 Beitr\u00e4ge\/Themen, die eine Grundsatzdiskussion \u00fcber das Forum ausl\u00f6sen.<\/p>\n<ul>\n<li>Werbung ist in Forenbeitr\u00e4gen nicht erlaubt.<\/li>\n<li>Das Forum dient ausschlie\u00dflich zum fachlichen Austausch von Usern untereinander, ohne kommerziellen Hintergrund.<\/li>\n<li>Das Forum ist keine Werbe\/Support Plattform f\u00fcr Firmen und deren Produkte.<br \/>\nBeitr\u00e4ge mit einem kommerziellen Hintergrund werden gel\u00f6scht, dass betrifft auch weiterf\u00fchrende Links zu Webseiten, die der Werbung dienen sollen. <em class=\"text-italics\"><br \/>\n<\/em><\/li>\n<\/ul>\n<h3><b>Halte Dich an die Verhaltensregeln (Netiquette)<\/b><\/h3>\n<p>\u2022 Ich lege pers\u00f6nlich einen gro\u00dfen Wert auf einen respektvollen, wertsch\u00e4tzenden und h\u00f6flichen Umgang miteinander.<br \/>\n\u2022 Denke daran, dass auf der anderen Seite auch ein Mensch sitzt. Behandle andere daher so, wie du selbst gern behandelt werden m\u00f6chtest.<br \/>\n\u2022 Sei vorsichtig mit Humor und Ironie \u2013 Du k\u00f6nntest leicht missverstanden werden.<\/p>\n<h3><b>Halte Dich an die \u201eGespr\u00e4chs\u201c-Kultur im Forum<\/b><\/h3>\n<p>\u2022 Bevor Du einen neuen Beitrag schreibst, siehe nach, ob dieses Thema unter einer \u00e4hnlichen \u00dcberschrift schon mal diskutiert wurde.<br \/>\n\u2022 Achte beim Erstellen neuer Themen darauf, dass die \u00dcberschrift kurz Dein Anliegen umrei\u00dft.<br \/>\n\u2022 Stelle die gleiche Frage nicht in unterschiedlichen Diskussionsgruppen.<br \/>\n\u2022 Wird eine Diskussionsgruppe (Thread) geschlossen, er\u00f6ffne keinen neuen Thread zum gleichen Thema.<br \/>\n\u2022 Bevormunde andere Teilnehmer nicht durch angebliche Fachkompetenz. Die Forumsthematik betrifft alle Teilnehmer und soll nicht einigen wenigen Experten vorbehalten sein.<br \/>\n\u2022 Gib nicht auf gleichem Niveau zur\u00fcck, wenn sich jemand daneben benimmt, sondern wende Dich bitte an den Moderator.<br \/>\n\u2022 Bitte versuche, m\u00f6glichst neutral und sachlich zu formulieren. Die Beitr\u00e4ge sollten eine dem Thema angemessene L\u00e4nge haben, eine aussagekr\u00e4ftige \u00dcberschrift und keine Verallgemeinerung beinhalten.<\/fieldset>\n<fieldset>\n<h3><b>Trage Deine Konflikte nicht im Forum aus.<\/b><\/h3>\n<p>\u2022 Diskussionen \u00fcber Moderation, Forumsregeln und Technik geh\u00f6ren nicht ins Forum. Wenn du Probleme damit hast, wende Dich bitte \u00fcber eine pers\u00f6nliche Nachricht an den Moderator.<br \/>\n\u2022 Konflikte mit anderen Nutzern geh\u00f6ren nicht ins Forum. Wende Dich bitte direkt an den Nutzer oder an den Moderator.<br \/>\n\u2022 Wenn Du Dich durch Nachrichten, die Du von anderen Nutzern erh\u00e4ltst, bel\u00e4stigt f\u00fchlst, melde dies bitte dem Moderator.<\/p>\n<h3><b>Das Nutzen mehrerer Identit\u00e4ten wird nicht geduldet.<\/b><\/h3>\n<p>Um Scheindiskussionen zu verhindern, werden Teilnehmer mit mehreren Identit\u00e4ten gel\u00f6scht.<\/p>\n<h3><b>Beachte folgende Hinweise zum L\u00f6schen\/Ver\u00e4ndern Deiner eigenen Beitr\u00e4ge<\/b><\/h3>\n<p>\u2022 Du kannst Deinen Beitrag ver\u00e4ndern oder l\u00f6schen.<br \/>\n\u2022 Als Nutzer verpflichtest Du Dich, Deine Beitr\u00e4ge und Themen vor der Ver\u00f6ffentlichung daraufhin zu \u00fcberpr\u00fcfen, ob sie Angaben enthalten, die Du nicht ver\u00f6ffentlichen m\u00f6chtest. Deine Beitr\u00e4ge und Themen k\u00f6nnen in Suchmaschinen erfasst und damit weltweit gefunden werden. Ein Anspruch auf L\u00f6schung oder Korrektur solcher Suchmaschineneintr\u00e4ge gegen\u00fcber der Betreiberin des Forums ist ausgeschlossen.<\/p>\n<h3><b>Halte Dich an das deutsche Urheberrecht <\/b><\/h3>\n<p>Eine Verletzung von Copyright, Urheberrecht, Marken-und Namensrecht wird nicht geduldet. Verwende daher keine copyrightgesch\u00fctzten Texte oder Bilder (auch nicht als Spitzname oder Avatar!), verlinke sie auch nicht und f\u00fcge sie nicht als Anhang an.<\/p>\n<p>\u2022 Zitiere keine kompletten Artikel\/Texte. Es sind nur Kurz-Zitate mit genauen Quellenangaben erlaubt.<\/fieldset>\n<h3><b>Beachte die folgenden Hinweise zum Datenschutz <\/b><\/h3>\n<p><span style=\"font-size: 14pt;\">\u2022 Deine pers\u00f6nlichen Daten werden vertraulich behandelt und nicht an Dritte weitergegeben. Ver\u00f6ffentliche auch Du keine realen Namen, Fotos und Mailadressen von anderen Personen im Forum.<\/span><br \/>\n<span style=\"font-size: 14pt;\">\u2022 Pr\u00fcfe bitte das Copyright von Bildern, bevor Du sie im Forum einstellst. Das gilt auch f\u00fcr Smileys, die nicht auf unserer Seite bereitgestellt werden.<\/span><br \/>\n<span style=\"font-size: 14pt;\">\u2022 Sollte der Verdacht bestehen, dass Dein Beitrag gegen ein Gesetz verst\u00f6\u00dft, d\u00fcrfen wir Deine Daten an die ermittelnden Beh\u00f6rden \u00fcbergeben.<\/span><\/p>\n<h3><b>Einhaltung der Forumsregeln \/ Konsequenzen bei Verst\u00f6\u00dfen <\/b><\/h3>\n<p><span style=\"font-size: 14pt;\">\u2022 Mit der Nutzung des Forums sind keine Rechte verbunden. Die Forumsregeln sind f\u00fcr alle Forumsteilnehmer bindend.<\/span><br \/>\n<span style=\"font-size: 14pt;\">\u2022 Der Moderator hat die Aufgabe, auf die Einhaltung der Forumsregeln zu achten. Er das Recht, Beitr\u00e4ge zu bearbeiten, zu verschieben und zu l\u00f6schen, wenn das n\u00f6tig ist.<\/span><br \/>\n<span style=\"font-size: 14pt;\">\u2022 Werden die Forumsregeln oder die Anweisungen des Moderators auch nach Aufforderung nicht befolgt, sperren wir den Nutzer-Account.<\/span><br \/>\n<span style=\"font-size: 14pt;\">\u2022 In dem Forum gibt es eine absolute &#8222;Anti-Toleranz-Einstellung\u201c in Bezug auf Unruhestifter (auch &#8222;Trolle&#8220; genann<\/span>t). <span style=\"font-size: 14pt;\">Derartige Beitr\u00e4ge werden sofort gel\u00f6scht und der Account gesperrt. Gleiches gilt bei Verst\u00f6\u00dfen gegen geltende Gesetze.<\/span><\/p>\n<h3><b>Haftungsausschluss <\/b><\/h3>\n<p><span style=\"font-size: 14pt;\">Beitr\u00e4ge, die in unserem Forum ver\u00f6ffentlicht sind, dr\u00fccken die Meinung des Verfassers aus und nicht die des Betreibers. Ich \u00fcbernehmen keine Haftung f\u00fcr den Inhalt dieser Beitr\u00e4ge und auch nicht f\u00fcr Seiten, auf die in diesen verlinkt wird. Verlinkungen zu sozialen Netzwerken wie z.B. Facebook sind bei uns aus Datenschutzgr\u00fcnden unerw\u00fcnscht.<\/span><\/p>\n<h3><b>Datenschutz<\/b><\/h3>\n<p><span style=\"font-size: 14pt;\">Die Nutzung dieser Internetseite ist ohne Angabe von personenbezogenen Daten m\u00f6glich. Werden im Benutzerprofil pers\u00f6nliche Daten hinterlassen, so sind diese f\u00fcr angemeldete Benutzer zug\u00e4nglich. Es erfolgt keine Weitergabe an Dritte. Bei der Nutzung unserer Kontakt-E-Mail-Adresse werden die Anfragen unverschl\u00fcsselt \u00fcbermittelt und k\u00f6nnen daher von Dritten eingesehen werden. Eine Garantie f\u00fcr die Vertraulichkeit dieser Informationen kann daher nicht \u00fcbernommen werden.<\/span><\/p>\n<h3><b>Cookies<\/b><\/h3>\n<p><span style=\"font-size: 14pt;\">Es werden auch sogenannte Cookies verwendet. Cookies sind kleine Textdateien, die vom Web-Server an Deinem PC verschickt werden und meist auf Deiner Festplatte abgespeichert werden. Obwohl Cookies den von Dir benutzten Computer identifizieren k\u00f6nnen, werden von Cookies selbst keine personenbezogenen Daten gespeichert. Du kannst Deinen Browser so konfigurieren, dass die Annahme von Cookies prinzipiell verweigert wird oder Du vorab informiert wirst, wenn ein Cookie gespeichert wird. Weitere Informationen dazu findest Du in der Bedienungsanleitung Deines jeweiligen Internet-Browsers (Firefox, Safari, Internet Explorer, Opera etc.). Die Daten aus der Statistik werden nach erfolgter Auswertung gel\u00f6scht.<\/span><\/p>\n<\/div>\n","protected":false},"excerpt":{"rendered":"<p>&#46;&#46;&#46;<\/p>\n","protected":false},"author":6,"featured_media":0,"parent":0,"menu_order":0,"comment_status":"closed","ping_status":"closed","template":"","meta":{"footnotes":"","_links_to":"","_links_to_target":""},"class_list":["post-13292","page","type-page","status-publish","hentry"],"_links":{"self":[{"href":"https:\/\/saure.org\/cq-nrw\/wp-json\/wp\/v2\/pages\/13292","targetHints":{"allow":["GET"]}}],"collection":[{"href":"https:\/\/saure.org\/cq-nrw\/wp-json\/wp\/v2\/pages"}],"about":[{"href":"https:\/\/saure.org\/cq-nrw\/wp-json\/wp\/v2\/types\/page"}],"author":[{"embeddable":true,"href":"https:\/\/saure.org\/cq-nrw\/wp-json\/wp\/v2\/users\/6"}],"replies":[{"embeddable":true,"href":"https:\/\/saure.org\/cq-nrw\/wp-json\/wp\/v2\/comments?post=13292"}],"version-history":[{"count":0,"href":"https:\/\/saure.org\/cq-nrw\/wp-json\/wp\/v2\/pages\/13292\/revisions"}],"wp:attachment":[{"href":"https:\/\/saure.org\/cq-nrw\/wp-json\/wp\/v2\/media?parent=13292"}],"curies":[{"name":"wp","href":"https:\/\/api.w.org\/{rel}","templated":true}]}}