{"id":1500,"date":"2015-02-12T21:02:30","date_gmt":"2015-02-12T20:02:30","guid":{"rendered":"http:\/\/saure.dyndns.org\/wordpress\/?page_id=1500"},"modified":"2023-06-12T18:32:16","modified_gmt":"2023-06-12T16:32:16","slug":"agbs","status":"publish","type":"page","link":"https:\/\/saure.org\/cq-nrw\/awpcp\/agbs\/","title":{"rendered":"AGB_AFU-B\u00f6rse"},"content":{"rendered":"<div style=\"text-align: center;\"><span style=\"font-family: book\\ antiqua, palatino, serif; font-size: 18pt;\"><strong>Bei saure.org\/cq-nrw handelt es sich um eine private Webseite, die Informationen rund um den Amateurfunk bietet.<\/strong><\/span><\/div>\n<div><\/div>\n<div style=\"text-align: center;\"><span style=\"font-size: 18pt; font-family: book\\ antiqua, palatino, serif;\"><span style=\"color: #000000;\">Wir verstehen die AFU-B\u00f6rse als Schwarzes Brett f\u00fcr Funkfreunde aller Art. <\/span><\/span><\/div>\n<div style=\"text-align: center;\"><span style=\"font-size: 18pt; font-family: book\\ antiqua, palatino, serif;\">Die AFU-B\u00f6rse, ein Bestandteil der Seite saure.org\/cq-nrw, ist ein Kleinanzeigen-Marktplatz f\u00fcr Funktechnik und andere technische Artikel im Internet\u00a0ohne\u00a0jeglichen kommerziellen Hintergrund. <\/span><\/div>\n<div><\/div>\n<div style=\"text-align: center;\"><span style=\"font-size: 18pt; font-family: book\\ antiqua, palatino, serif;\">Im Nachfolgenden Text finden Sie die Allgemeine Bedingungen\/AGB f\u00fcr die Ver\u00f6ffentlichung von privaten Kleinanzeigen die unter der Seite saure.org\/cq-nrw im Internet zu erreichen sind.<\/span><\/div>\n<div><span style=\"font-family: book\\ antiqua, palatino, serif;\">\u00a0<\/span><\/div>\n<div>\n<hr \/>\n<\/div>\n<p style=\"text-align: left;\"><span style=\"font-size: 18pt;\"><strong>Allgemeine Bedingungen f\u00fcr den privaten Kleinanzeigenmarkt.<\/strong><\/span><\/p>\n<p style=\"text-align: left;\"><span style=\"font-size: 14pt;\">Der Betreiber der privaten Webseite <strong>saure.org\/cq-nrw<\/strong> , Herr J\u00f6rg Saure, Stahlsberg 89, 42279 Wuppertal, nachfolgend Betreiber genannt, ist nicht der Vertragspartner, bei abgeschlossenen oder noch zu abzuschlie\u00dfenden Vertr\u00e4gen jeglicher Art, die aus einer auf der Betreiber Homepage ver\u00f6ffentlichen Kleinanzeige hervorgehen. Hierf\u00fcr sind ausschlie\u00dflich die beiden Vertragspartner verantwortlich.<\/span><\/p>\n<p><span style=\"font-size: 14pt;\">Alle privaten Kleinanzeigen m\u00fcssen den allgemeinen Rechtsgrundlagen des deutschen Rechtes, hier besonders des Jugendschutzgesetzes entsprechen, ohne das diese vorab vom Betreiber gepr\u00fcft wurden. Auch hier ist der Kleinanzeigen Einreicher verantwortlich.<\/span><\/p>\n<p style=\"text-align: left;\"><span style=\"font-size: 18pt;\"><em><strong>Einschr\u00e4nkungen f\u00fcr aufgegebene Kleinanzeigen:<\/strong> <\/em><\/span><\/p>\n<p style=\"text-align: left;\"><span style=\"font-size: 14pt;\">Es besteht kein Anspruch auf Ver\u00f6ffentlichung einer Kleinanzeige.<\/span><\/p>\n<p style=\"text-align: left;\"><span style=\"font-size: 18pt;\"><em><strong>Recht:<\/strong> <\/em><\/span><\/p>\n<p style=\"text-align: left;\"><span style=\"font-size: 14pt;\">Ihre Anzeige darf nicht gegen geltende Rechte versto\u00dfen.<\/span><\/p>\n<p style=\"text-align: left;\"><span style=\"font-size: 18pt;\"><strong><em>Erotik und Pornographie:<\/em> <\/strong><\/span><\/p>\n<p style=\"text-align: left;\"><span style=\"font-size: 14pt;\">Anzeigen mit erotischen oder pornographischen Inhalten sind nicht erlaubt. Auch offene oder versteckte Hinweise auf Erotikangebote auf der Homepage sind nicht erw\u00fcnscht. Anzeigen mit Inhalten, die von den Betreibern, Mitgliedern oder Benutzern als unseri\u00f6s, sittenwidrig oder als Zumutung empfunden werden, sind ebenfalls unerw\u00fcnscht.<\/span><\/p>\n<p style=\"text-align: left;\"><strong><em><span style=\"font-size: 18pt;\">Sprache:<\/span> <\/em><\/strong><\/p>\n<p style=\"text-align: left;\"><span style=\"font-size: 14pt;\">Die Anzeige ist deutschsprachig bzw. auch ohne Fremdsprachenkenntnisse verst\u00e4ndlich.<\/span><\/p>\n<p style=\"text-align: left;\"><span style=\"font-size: 14pt;\">Der Betreiber haftet nicht f\u00fcr fehlerhafte Rechtschreibung, wenn dadurch der Inhalt der Kleinanzeige einen anderen Sinn ergibt.<\/span><\/p>\n<p style=\"text-align: left;\"><span style=\"font-size: 14pt;\">Der Betreiber haftet nicht f\u00fcr Links zu fremden Anbietern.<\/span><br \/>\n<span style=\"font-size: 14pt;\"> Es ist nicht erlaubt illegale Kopien oder Downloads von urheberrechtlich gesch\u00fctzten Dingen anzubieten.<\/span><\/p>\n<p style=\"text-align: left;\"><span style=\"font-size: 14pt;\">Sollten eingereichte Texte in den Kleinanzeigen dem Urheber- oder Patentrecht unterliegen, haftet der Beitragseinreicher und nicht der Betreiber der Seite haftet.<\/span><\/p>\n<p style=\"text-align: left;\"><strong><em><span style=\"font-size: 18pt;\">Kein irref\u00fchrender Inhalt:<\/span> <\/em><\/strong><\/p>\n<p style=\"text-align: left;\"><span style=\"font-size: 14pt;\">Keine M\u00e4dchen, die hei\u00dfe Seiten versprechen, wenn sich dahinter etwas unerotisches verbirgt, usw., sondern: Der Inhalt der Anzeige muss in einer klaren Beziehung zum angebotenen Artikel\/Sache stehen.<\/span><\/p>\n<p style=\"text-align: left;\"><span style=\"font-size: 14pt;\">Wir behalten uns vor, Anzeigen und eingereichte Texte ohne Begr\u00fcndung abzulehnen.<\/span><\/p>\n<p style=\"text-align: left;\"><span style=\"font-size: 14pt;\">Nur private Kleinanzeigen sind erlaubt.<\/span><\/p>\n<p style=\"text-align: left;\"><span style=\"font-size: 14pt;\">Jede eingereichte Kleinanzeige wird vom Betreiber gepr\u00fcft und bei dem geringsten Verdacht auf Missbrauch, illegale Inhalte oder nicht Einhaltung der AGB nicht ver\u00f6ffentlicht. Sollte eine Anzeige nicht ver\u00f6ffentlicht werden, besteht kein Anspruch auf Schadensersatz.<\/span><\/p>\n<p><span style=\"font-size: 14pt;\">Sollte eine der vorher stehenden Bedingungen ung\u00fcltig sein, so sind die anderen Bedingungen weiter g\u00fcltig und nicht davon betroffen.<\/span><\/p>\n<p><span style=\"font-size: 18pt;\"><strong>saure.org\/cq-nrw<\/strong><\/span><br \/>\nJ\u00f6rg Saure<br \/>\nStahlsberg 89<br \/>\n42279 Wuppertal<\/p>\n<div>\n<p class=\"fittexted_for_content_h2\"><strong><span style=\"font-size: 18pt;\">Kontakt:<\/span><\/strong><\/p>\n<p>E-Mail: Joerg@Saure.org<\/p>\n<\/div>\n","protected":false},"excerpt":{"rendered":"<p>&#46;&#46;&#46;<\/p>\n","protected":false},"author":6,"featured_media":0,"parent":14936,"menu_order":0,"comment_status":"closed","ping_status":"closed","template":"page-templates\/child-menu.php","meta":{"footnotes":"","_links_to":"","_links_to_target":""},"class_list":["post-1500","page","type-page","status-publish","hentry"],"_links":{"self":[{"href":"https:\/\/saure.org\/cq-nrw\/wp-json\/wp\/v2\/pages\/1500","targetHints":{"allow":["GET"]}}],"collection":[{"href":"https:\/\/saure.org\/cq-nrw\/wp-json\/wp\/v2\/pages"}],"about":[{"href":"https:\/\/saure.org\/cq-nrw\/wp-json\/wp\/v2\/types\/page"}],"author":[{"embeddable":true,"href":"https:\/\/saure.org\/cq-nrw\/wp-json\/wp\/v2\/users\/6"}],"replies":[{"embeddable":true,"href":"https:\/\/saure.org\/cq-nrw\/wp-json\/wp\/v2\/comments?post=1500"}],"version-history":[{"count":0,"href":"https:\/\/saure.org\/cq-nrw\/wp-json\/wp\/v2\/pages\/1500\/revisions"}],"up":[{"embeddable":true,"href":"https:\/\/saure.org\/cq-nrw\/wp-json\/wp\/v2\/pages\/14936"}],"wp:attachment":[{"href":"https:\/\/saure.org\/cq-nrw\/wp-json\/wp\/v2\/media?parent=1500"}],"curies":[{"name":"wp","href":"https:\/\/api.w.org\/{rel}","templated":true}]}}