{"id":339,"date":"2015-01-06T20:52:00","date_gmt":"2015-01-06T19:52:00","guid":{"rendered":"http:\/\/saure.dyndns.org\/wordpress\/?page_id=339"},"modified":"2022-06-16T09:50:47","modified_gmt":"2022-06-16T07:50:47","slug":"impressum","status":"publish","type":"page","link":"https:\/\/saure.org\/cq-nrw\/impressum\/","title":{"rendered":"Impressum"},"content":{"rendered":"<p><strong><span style=\"font-size: 18pt; font-family: book antiqua, palatino, serif;\">Bei dieser Internetpr\u00e4senz handelt es sich um eine rein private Homepage \/ Forum \/ Blog \/ AFU-B\u00f6rse ohne&nbsp;jeglichen kommerziellen Hintergrund, es werden hier keinerlei finanzielle Interessen verfolgt. <\/span><\/strong><\/p>\n<p><strong><span style=\"font-size: 18pt; font-family: book antiqua, palatino, serif;\">Vom Autor erarbeitete Inhalte werden kostenlos, zur nicht kommerziellen Nutzung, der Allgemeinheit zug\u00e4nglich gemacht.<\/span><\/strong><\/p>\n<div><strong><span style=\"font-size: 18pt; font-family: book antiqua, palatino, serif;\">Etwaige Spendenm\u00f6glichkeiten stellen keine Gewinnerzielungsabsicht dar.<\/span><\/strong><\/div>\n<div><strong><span style=\"font-size: 18pt; font-family: book antiqua, palatino, serif;\">Sie sollen lediglich die M\u00f6glichkeit schaffen, die laufenden Kosten f\u00fcr diese Homepage auf freiwilliger Basis abzumildern.<\/span><\/strong><\/div>\n<hr>\n<p><span style=\"font-size: 18pt;\"><b>Copyright<\/b><\/span><\/p>\n<p>Die Fotos auf dieser Webseite sind urheberrechlich gesch\u00fctzt. Kommerzielle Verwendung dieser Objekte in elektronischen Medien, Druckmedien oder sonstigen Medien ist ohne meine ausdr\u00fcckliche Zustimmung nicht gestattet.<\/p>\n<p><span style=\"font-size: 18pt;\"><b>Recht<\/b><\/span><\/p>\n<p>Trotz sorgf\u00e4ltiger inhaltlicher Kontrolle \u00fcbernehme ich keine Haftung f\u00fcr die Inhalte externer Links. F\u00fcr den Inhalt der verlinkten Seiten sind ausschlie\u00dflich deren Betreiber verantwortlich. Ich schlie\u00dfe daher jegliche Haftung aus und distanziere mich hiermit von allen Inhalten extern verlinkter Internetseiten.<br \/>\nAlle auf der Website erw\u00e4hnten Produkt- und Firmennamen sind Marken der jeweiligen Eigent\u00fcmer bzw. Hersteller.<br \/>\nSollten Inhalte dieser Internetpr\u00e4senz gegen geltendes Urheberrecht oder das Markengesetz versto\u00dfen, werde ich diese auf Hinweis umgehend entfernen.<\/p>\n<div class=\"line\">\n<hr>\n<\/div>\n<h1>Impressum<\/h1>\n<h2>Angaben gem\u00e4\u00df \u00a7 5 TMG:<\/h2>\n<div>J\u00f6rg Saure<\/p>\n<h2>Kontakt:<\/h2>\n<p>E-Mail: Joerg@Saure.org<\/p>\n<h2>Verantwortlich f\u00fcr den Inhalt nach \u00a7 55 Abs. 2 RStV:<\/h2>\n<p>J\u00f6rg Saure<\/p>\n<h2>Kontakt:<\/h2>\n<div>E-Mail: Joerg@Saure.org<\/div>\n<div>&nbsp;<\/div>\n<div><span style=\"font-size: 14pt; font-family: georgia, palatino, serif;\"><span style=\"color: #0000ff;\">Link zur Datenschutzerkl\u00e4rung <a style=\"color: #0000ff;\" href=\"http:\/\/saure.org\/cq-nrw\/impressum\/datenschutzerklaerung\">http:\/\/saure.org\/cq-nrw\/impressum\/datenschutzerklaerung<\/a><\/span><\/span><\/div>\n<div>&nbsp;<\/div>\n<div><strong><span style=\"font-size: 18pt;\">Haftung f\u00fcr Inhalte<\/span><\/strong><\/div>\n<div>Als Diensteanbieter sind wir gem\u00e4\u00df \u00a7 7 Abs.1 TMG f\u00fcr eigene Inhalte auf diesen<br \/>\nSeiten nach den allgemeinen Gesetzen verantwortlich. Nach \u00a7\u00a7 8 bis 10 TMG sind wir als<br \/>\nDiensteanbieter jedoch nicht verpflichtet, \u00fcbermittelte oder gespeicherte fremde Informationen zu<br \/>\n\u00fcberwachen oder nach Umst\u00e4nden zu forschen, die auf eine rechtswidrige T\u00e4tigkeit<br \/>\nhinweisen.<\/div>\n<div>Verpflichtungen zur Entfernung oder Sperrung der Nutzung von Informationen nach<br \/>\nden allgemeinen Gesetzen bleiben hiervon unber\u00fchrt. Eine diesbez\u00fcgliche Haftung ist jedoch<br \/>\nerst ab dem Zeitpunkt der Kenntnis einer konkreten Rechtsverletzung m\u00f6glich. Bei Bekanntwerden<br \/>\nvon entsprechenden Rechtsverletzungen werden wir diese Inhalte umgehend entfernen.<\/div>\n<div>&nbsp;<\/div>\n<div><strong><span style=\"font-size: 18pt;\">Haftung f\u00fcr Links<\/span><\/strong><\/div>\n<div>Unser Angebot enth\u00e4lt Links zu externen Websites Dritter, auf<br \/>\nderen Inhalte wir keinen Einfluss haben. Deshalb k\u00f6nnen wir f\u00fcr diese fremden Inhalte auch<br \/>\nkeine Gew\u00e4hr \u00fcbernehmen. F\u00fcr die Inhalte der verlinkten Seiten ist stets der jeweilige<br \/>\nAnbieter oder Betreiber der Seiten verantwortlich. Die verlinkten Seiten wurden zum Zeitpunkt der<br \/>\nVerlinkung auf m\u00f6gliche Rechtsverst\u00f6\u00dfe \u00fcberpr\u00fcft. Rechtswidrige Inhalte<br \/>\nwaren zum Zeitpunkt der Verlinkung nicht erkennbar.<\/div>\n<div>&nbsp;<\/div>\n<div>Eine permanente inhaltliche Kontrolle der<br \/>\nverlinkten Seiten ist jedoch ohne konkrete Anhaltspunkte einer Rechtsverletzung nicht zumutbar. Bei<br \/>\nBekanntwerden von Rechtsverletzungen werden wir derartige Links umgehend entfernen.<\/div>\n<div>&nbsp;<\/div>\n<div><strong><span style=\"font-size: 18pt;\">Urheberrecht<\/span><\/strong><\/div>\n<div>Die durch die Seitenbetreiber erstellten Inhalte und Werke auf diesen Seiten<br \/>\nunterliegen dem deutschen Urheberrecht. Die Vervielf\u00e4ltigung, Bearbeitung, Verbreitung und jede<br \/>\nArt der Verwertung au\u00dferhalb der Grenzen des Urheberrechtes bed\u00fcrfen der schriftlichen Zustimmung des jeweiligen Autors bzw. Erstellers. Downloads und Kopien dieser Seite sind nur f\u00fcr den privaten, nicht kommerziellen Gebrauch gestattet.<\/div>\n<div>Soweit die Inhalte auf dieser Seite nicht vom Betreiber erstellt wurden, werden die Urheberrechte Dritter beachtet.<\/div>\n<div>Insbesondere werden Inhalte Dritter als solche gekennzeichnet. Sollten Sie trotzdem auf eine Urheberrechtsverletzung aufmerksam<br \/>\nwerden, bitten wir um einen entsprechenden Hinweis. Bei Bekanntwerden von Rechtsverletzungen<br \/>\nwerden wir derartige Inhalte umgehend entfernen.<\/div>\n<p>Quelle: <a href=\"https:\/\/www.e- recht24.de\">https:\/\/www.e-recht24.de<\/a><\/p>\n","protected":false},"excerpt":{"rendered":"<p>&#46;&#46;&#46;<\/p>\n","protected":false},"author":6,"featured_media":0,"parent":0,"menu_order":4,"comment_status":"closed","ping_status":"closed","template":"page-templates\/child-menu.php","meta":{"footnotes":"","_links_to":"","_links_to_target":""},"class_list":["post-339","page","type-page","status-publish","hentry"],"_links":{"self":[{"href":"https:\/\/saure.org\/cq-nrw\/wp-json\/wp\/v2\/pages\/339","targetHints":{"allow":["GET"]}}],"collection":[{"href":"https:\/\/saure.org\/cq-nrw\/wp-json\/wp\/v2\/pages"}],"about":[{"href":"https:\/\/saure.org\/cq-nrw\/wp-json\/wp\/v2\/types\/page"}],"author":[{"embeddable":true,"href":"https:\/\/saure.org\/cq-nrw\/wp-json\/wp\/v2\/users\/6"}],"replies":[{"embeddable":true,"href":"https:\/\/saure.org\/cq-nrw\/wp-json\/wp\/v2\/comments?post=339"}],"version-history":[{"count":0,"href":"https:\/\/saure.org\/cq-nrw\/wp-json\/wp\/v2\/pages\/339\/revisions"}],"wp:attachment":[{"href":"https:\/\/saure.org\/cq-nrw\/wp-json\/wp\/v2\/media?parent=339"}],"curies":[{"name":"wp","href":"https:\/\/api.w.org\/{rel}","templated":true}]}}